{"id":5612,"date":"2023-09-09T19:59:18","date_gmt":"2023-09-09T17:59:18","guid":{"rendered":"https:\/\/friedrich-ludwig-jahn-grundschule-luebben.de\/?page_id=5612"},"modified":"2023-09-09T20:00:56","modified_gmt":"2023-09-09T18:00:56","slug":"belehrungskatalog","status":"publish","type":"page","link":"https:\/\/friedrich-ludwig-jahn-grundschule-luebben.de\/?page_id=5612","title":{"rendered":"Belehrungskatalog"},"content":{"rendered":"<p><span style=\"font-family: arial, helvetica, sans-serif;\"> In jedem Schuljahr sind die Sch\u00fclerinnen und Sch\u00fcler an \u00f6ffentlichen Schulen im Land Brandenburg auf besondere Verbote, Gefahren und Verhaltenspflichten im Schulbereich hinzuweisen. Der nachfolgende Belehrungskatalog enth\u00e4lt entsprechende Schwerpunkte. Die Belehrungen sind nach den Bedingungen der Schule und der jeweiligen Altersstufe durchzuf\u00fchren. <\/span><br \/>\n<a href=\"https:\/\/friedrich-ludwig-jahn-grundschule-luebben.de\/wp-content\/uploads\/2023\/09\/Belehrungskatalog_Schueler.pdf\" class=\"pdfemb-viewer\" style=\"\" data-width=\"max\" data-height=\"max\" data-toolbar=\"bottom\" data-toolbar-fixed=\"off\">Belehrungskatalog_Sch\u00fcler<\/a><\/p>\n","protected":false},"excerpt":{"rendered":"<p>In jedem Schuljahr sind die Sch\u00fclerinnen und Sch\u00fcler an \u00f6ffentlichen Schulen im Land Brandenburg auf besondere Verbote, Gefahren und Verhaltenspflichten im Schulbereich hinzuweisen. Der nachfolgende Belehrungskatalog enth\u00e4lt entsprechende Schwerpunkte. Die [&hellip;]<\/p>\n","protected":false},"author":3,"featured_media":0,"parent":0,"menu_order":0,"comment_status":"closed","ping_status":"closed","template":"","meta":{"footnotes":""},"class_list":["post-5612","page","type-page","status-publish","hentry"],"_links":{"self":[{"href":"https:\/\/friedrich-ludwig-jahn-grundschule-luebben.de\/index.php?rest_route=\/wp\/v2\/pages\/5612","targetHints":{"allow":["GET"]}}],"collection":[{"href":"https:\/\/friedrich-ludwig-jahn-grundschule-luebben.de\/index.php?rest_route=\/wp\/v2\/pages"}],"about":[{"href":"https:\/\/friedrich-ludwig-jahn-grundschule-luebben.de\/index.php?rest_route=\/wp\/v2\/types\/page"}],"author":[{"embeddable":true,"href":"https:\/\/friedrich-ludwig-jahn-grundschule-luebben.de\/index.php?rest_route=\/wp\/v2\/users\/3"}],"replies":[{"embeddable":true,"href":"https:\/\/friedrich-ludwig-jahn-grundschule-luebben.de\/index.php?rest_route=%2Fwp%2Fv2%2Fcomments&post=5612"}],"version-history":[{"count":2,"href":"https:\/\/friedrich-ludwig-jahn-grundschule-luebben.de\/index.php?rest_route=\/wp\/v2\/pages\/5612\/revisions"}],"predecessor-version":[{"id":5621,"href":"https:\/\/friedrich-ludwig-jahn-grundschule-luebben.de\/index.php?rest_route=\/wp\/v2\/pages\/5612\/revisions\/5621"}],"wp:attachment":[{"href":"https:\/\/friedrich-ludwig-jahn-grundschule-luebben.de\/index.php?rest_route=%2Fwp%2Fv2%2Fmedia&parent=5612"}],"curies":[{"name":"wp","href":"https:\/\/api.w.org\/{rel}","templated":true}]}}