{"id":7499,"date":"2026-03-03T14:13:03","date_gmt":"2026-03-03T13:13:03","guid":{"rendered":"https:\/\/friedrich-ludwig-jahn-grundschule-luebben.de\/?page_id=7499"},"modified":"2026-03-03T14:13:24","modified_gmt":"2026-03-03T13:13:24","slug":"foerderverein-bankverbindung","status":"publish","type":"page","link":"https:\/\/friedrich-ludwig-jahn-grundschule-luebben.de\/?page_id=7499","title":{"rendered":"F\u00f6rderverein &#8211; Bankverbindung"},"content":{"rendered":"<p><strong>Bankverbindung des F\u00f6rdervereins:<\/strong><\/p>\n<p><strong>Kontoinhaber:<\/strong> F\u00f6rderverein der Sportbetonten 1. Grundschule L\u00fcbben e.V.<br \/>\n<strong>Bank:<\/strong> Spreewaldbank eG<br \/>\n<strong>BIC:<\/strong> GENODEF1LN1<br \/>\n<strong>IBAN:<\/strong> DE63 1809 2684 0000 0959 07<\/p>\n","protected":false},"excerpt":{"rendered":"<p>Bankverbindung des F\u00f6rdervereins: Kontoinhaber: F\u00f6rderverein der Sportbetonten 1. Grundschule L\u00fcbben e.V. Bank: Spreewaldbank eG BIC: GENODEF1LN1 IBAN: DE63 1809 2684 0000 0959 07<\/p>\n","protected":false},"author":2,"featured_media":0,"parent":0,"menu_order":0,"comment_status":"closed","ping_status":"closed","template":"","meta":{"footnotes":""},"class_list":["post-7499","page","type-page","status-publish","hentry"],"_links":{"self":[{"href":"https:\/\/friedrich-ludwig-jahn-grundschule-luebben.de\/index.php?rest_route=\/wp\/v2\/pages\/7499","targetHints":{"allow":["GET"]}}],"collection":[{"href":"https:\/\/friedrich-ludwig-jahn-grundschule-luebben.de\/index.php?rest_route=\/wp\/v2\/pages"}],"about":[{"href":"https:\/\/friedrich-ludwig-jahn-grundschule-luebben.de\/index.php?rest_route=\/wp\/v2\/types\/page"}],"author":[{"embeddable":true,"href":"https:\/\/friedrich-ludwig-jahn-grundschule-luebben.de\/index.php?rest_route=\/wp\/v2\/users\/2"}],"replies":[{"embeddable":true,"href":"https:\/\/friedrich-ludwig-jahn-grundschule-luebben.de\/index.php?rest_route=%2Fwp%2Fv2%2Fcomments&post=7499"}],"version-history":[{"count":2,"href":"https:\/\/friedrich-ludwig-jahn-grundschule-luebben.de\/index.php?rest_route=\/wp\/v2\/pages\/7499\/revisions"}],"predecessor-version":[{"id":7501,"href":"https:\/\/friedrich-ludwig-jahn-grundschule-luebben.de\/index.php?rest_route=\/wp\/v2\/pages\/7499\/revisions\/7501"}],"wp:attachment":[{"href":"https:\/\/friedrich-ludwig-jahn-grundschule-luebben.de\/index.php?rest_route=%2Fwp%2Fv2%2Fmedia&parent=7499"}],"curies":[{"name":"wp","href":"https:\/\/api.w.org\/{rel}","templated":true}]}}