{"id":886,"date":"2013-09-14T09:08:34","date_gmt":"2013-09-14T09:08:34","guid":{"rendered":"http:\/\/xn--friedrich-ludwig-jahn-grundschule-lbben-zce.de\/?page_id=886"},"modified":"2025-11-19T11:15:54","modified_gmt":"2025-11-19T10:15:54","slug":"ags-und-kurse-schuljahr-20132014","status":"publish","type":"page","link":"https:\/\/friedrich-ludwig-jahn-grundschule-luebben.de\/?page_id=886","title":{"rendered":"Arbeitsgemeinschaften im Schuljahr 2025\/2026"},"content":{"rendered":"<table style=\"border-collapse: collapse; width: 100.095%;\">\n<tbody>\n<tr>\n<td style=\"width: 33.3333%;\"><span style=\"font-family: arial, helvetica, sans-serif; font-size: 10pt;\">Allgemeiner Sport\u00a0 (Kl. 1-3)<\/span><\/td>\n<td style=\"width: 28.6147%;\"><span style=\"font-family: arial, helvetica, sans-serif; font-size: 10pt;\">Frau Mitsching (Schule)<\/span><\/td>\n<td style=\"width: 38.2021%;\"><\/td>\n<\/tr>\n<tr>\n<td style=\"width: 33.3333%;\"><span style=\"font-family: arial, helvetica, sans-serif; font-size: 10pt;\">Leichtathletik (Kl. 4-6)<\/span><\/td>\n<td style=\"width: 28.6147%;\"><span style=\"font-family: arial, helvetica, sans-serif; font-size: 10pt;\">Herr Luckner (Schule)<\/span><\/td>\n<td style=\"width: 38.2021%;\"><\/td>\n<\/tr>\n<tr>\n<td style=\"width: 33.3333%;\"><span style=\"font-family: arial, helvetica, sans-serif; font-size: 10pt;\">Bambinis (Kita &#8211; Kinder\/ 1. Klasse)<\/span><\/td>\n<td style=\"width: 28.6147%;\"><span style=\"font-size: 10pt; font-family: arial, helvetica, sans-serif;\">Frau Zander\u00a0(HC Spreewald e.V.)<\/span><\/td>\n<td style=\"width: 38.2021%;\"><span style=\"font-family: arial, helvetica, sans-serif; font-size: 10pt;\">donnerstags (15.30 Uhr &#8211; 17.00 Uhr), in unserer Turnhalle &#8211; kostenpflichtig<\/span><\/td>\n<\/tr>\n<\/tbody>\n<\/table>\n<table style=\"border-collapse: collapse; width: 100.094%; height: 251px;\">\n<tbody>\n<tr style=\"height: 24px;\">\n<td style=\"width: 33.3333%; height: 24px;\"><span style=\"font-family: arial, helvetica, sans-serif; font-size: 10pt;\">Chor (Kl. 1-4)<\/span><\/td>\n<td style=\"width: 28.5212%; height: 24px;\"><span style=\"font-family: arial, helvetica, sans-serif; font-size: 10pt;\">Frau Blumenberg (Schule)<\/span><\/td>\n<td style=\"width: 38.3344%; height: 24px;\"><\/td>\n<\/tr>\n<tr style=\"height: 24px;\">\n<td style=\"width: 33.3333%; height: 24px;\"><span style=\"font-family: arial, helvetica, sans-serif; font-size: 10pt;\">Musikschule Fr\u00f6hlich<\/span><\/td>\n<td style=\"width: 28.5212%; height: 24px;\"><span style=\"font-family: arial, helvetica, sans-serif; font-size: 10pt;\">Herr Rinka<\/span><\/td>\n<td style=\"width: 38.3344%; height: 24px;\"><span style=\"font-family: arial, helvetica, sans-serif; font-size: 10pt;\">kostenpflichtig &#8211; Wenn Interesse, dann bitte bei Herrn Rinka melden unter 015255473039 !<\/span><\/td>\n<\/tr>\n<tr style=\"height: 24px;\">\n<td style=\"width: 33.3333%; height: 24px;\"><span style=\"font-family: arial, helvetica, sans-serif; font-size: 10pt;\">Offene Turnhalle<\/span><\/td>\n<td style=\"width: 28.5212%; height: 24px;\"><span style=\"font-family: arial, helvetica, sans-serif; font-size: 10pt;\">Frau Brucke (Schule)<\/span><\/td>\n<td style=\"width: 38.3344%; height: 24px;\"><span style=\"font-size: 10pt; font-family: arial, helvetica, sans-serif;\">t\u00e4glich in der 2. gro\u00dfe Pause, entsprechende Aush\u00e4nge in der Schule!<\/span><\/td>\n<\/tr>\n<tr style=\"height: 35px;\">\n<td style=\"width: 33.3333%; height: 35px;\"><\/td>\n<td style=\"width: 28.5212%; height: 35px;\"><\/td>\n<td style=\"width: 38.3344%; height: 35px;\"><\/td>\n<\/tr>\n<tr style=\"height: 24px;\">\n<td style=\"width: 33.3333%; height: 24px;\"><\/td>\n<td style=\"width: 28.5212%; height: 24px;\"><\/td>\n<td style=\"width: 38.3344%; height: 24px;\"><\/td>\n<\/tr>\n<tr style=\"height: 24px;\">\n<td style=\"width: 33.3333%; height: 24px;\"><\/td>\n<td style=\"width: 28.5212%; height: 24px;\"><\/td>\n<td style=\"width: 38.3344%; height: 24px;\"><\/td>\n<\/tr>\n<tr style=\"height: 24px;\">\n<td style=\"width: 33.3333%; height: 24px;\"><\/td>\n<td style=\"width: 28.5212%; height: 24px;\"><\/td>\n<td style=\"width: 38.3344%; height: 24px;\"><\/td>\n<\/tr>\n<tr style=\"height: 24px;\">\n<td style=\"width: 33.3333%; height: 24px;\"><\/td>\n<td style=\"width: 28.5212%; height: 24px;\"><\/td>\n<td style=\"width: 38.3344%; height: 24px;\"><\/td>\n<\/tr>\n<tr style=\"height: 24px;\">\n<td style=\"width: 33.3333%; height: 24px;\"><\/td>\n<td style=\"width: 28.5212%; height: 24px;\"><\/td>\n<td style=\"width: 38.3344%; height: 24px;\"><\/td>\n<\/tr>\n<tr style=\"height: 24px;\">\n<td style=\"width: 33.3333%; height: 24px;\"><\/td>\n<td style=\"width: 28.5212%; height: 24px;\"><\/td>\n<td style=\"width: 38.3344%; height: 24px;\"><\/td>\n<\/tr>\n<\/tbody>\n<\/table>\n","protected":false},"excerpt":{"rendered":"<p>Allgemeiner Sport\u00a0 (Kl. 1-3) Frau Mitsching (Schule) Leichtathletik (Kl. 4-6) Herr Luckner (Schule) Bambinis (Kita &#8211; Kinder\/ 1. Klasse) Frau Zander\u00a0(HC Spreewald e.V.) donnerstags (15.30 Uhr &#8211; 17.00 Uhr), in [&hellip;]<\/p>\n","protected":false},"author":1,"featured_media":0,"parent":0,"menu_order":0,"comment_status":"closed","ping_status":"open","template":"","meta":{"footnotes":""},"class_list":["post-886","page","type-page","status-publish","hentry"],"_links":{"self":[{"href":"https:\/\/friedrich-ludwig-jahn-grundschule-luebben.de\/index.php?rest_route=\/wp\/v2\/pages\/886","targetHints":{"allow":["GET"]}}],"collection":[{"href":"https:\/\/friedrich-ludwig-jahn-grundschule-luebben.de\/index.php?rest_route=\/wp\/v2\/pages"}],"about":[{"href":"https:\/\/friedrich-ludwig-jahn-grundschule-luebben.de\/index.php?rest_route=\/wp\/v2\/types\/page"}],"author":[{"embeddable":true,"href":"https:\/\/friedrich-ludwig-jahn-grundschule-luebben.de\/index.php?rest_route=\/wp\/v2\/users\/1"}],"replies":[{"embeddable":true,"href":"https:\/\/friedrich-ludwig-jahn-grundschule-luebben.de\/index.php?rest_route=%2Fwp%2Fv2%2Fcomments&post=886"}],"version-history":[{"count":48,"href":"https:\/\/friedrich-ludwig-jahn-grundschule-luebben.de\/index.php?rest_route=\/wp\/v2\/pages\/886\/revisions"}],"predecessor-version":[{"id":7347,"href":"https:\/\/friedrich-ludwig-jahn-grundschule-luebben.de\/index.php?rest_route=\/wp\/v2\/pages\/886\/revisions\/7347"}],"wp:attachment":[{"href":"https:\/\/friedrich-ludwig-jahn-grundschule-luebben.de\/index.php?rest_route=%2Fwp%2Fv2%2Fmedia&parent=886"}],"curies":[{"name":"wp","href":"https:\/\/api.w.org\/{rel}","templated":true}]}}